{"id":210,"date":"2017-10-15T22:01:15","date_gmt":"2017-10-15T20:01:15","guid":{"rendered":"https:\/\/tattoorenaissance.ch\/accueil\/"},"modified":"2026-02-19T22:31:24","modified_gmt":"2026-02-19T21:31:24","slug":"detatouage-laser-zurich","status":"publish","type":"page","link":"https:\/\/tattoorenaissance.ch\/fr\/","title":{"rendered":"RE\u2022NAISSANCE suisse | Centre de laser"},"content":{"rendered":"","protected":false},"excerpt":{"rendered":"","protected":false},"author":1,"featured_media":0,"parent":0,"menu_order":0,"comment_status":"closed","ping_status":"closed","template":"","meta":{"_acf_changed":false,"footnotes":""},"class_list":["post-210","page","type-page","status-publish","hentry"],"acf":[],"yoast_head":"<!-- This site is optimized with the Yoast SEO plugin v27.4 - https:\/\/yoast.com\/product\/yoast-seo-wordpress\/ -->\n<title>RE\u2022NAISSANCE Suisse | Centre de laser<\/title>\n<meta name=\"description\" content=\"Le studio Renaissance pratique le d\u00e9tatouage (pico laser) ainsi que l&#039;\u00e9pilation (\u00e0 laser diode) \u00e0 Zurich, B\u00e2le et Berne. Vous y trouverez aussi des nouvelles cosmiques et des expositions d&#039;art futuriste.\" \/>\n<meta name=\"robots\" content=\"index, follow, max-snippet:-1, max-image-preview:large, max-video-preview:-1\" \/>\n<link rel=\"canonical\" href=\"https:\/\/tattoorenaissance.ch\/fr\/\" \/>\n<meta property=\"og:locale\" content=\"fr_FR\" \/>\n<meta property=\"og:type\" content=\"article\" \/>\n<meta property=\"og:title\" content=\"RE\u2022NAISSANCE Suisse | Centre de laser\" \/>\n<meta property=\"og:description\" content=\"Le studio Renaissance pratique le d\u00e9tatouage (pico laser) ainsi que l&#039;\u00e9pilation (\u00e0 laser diode) \u00e0 Zurich, B\u00e2le et Berne. Vous y trouverez aussi des nouvelles cosmiques et des expositions d&#039;art futuriste.\" \/>\n<meta property=\"og:url\" content=\"https:\/\/tattoorenaissance.ch\/fr\/\" \/>\n<meta property=\"og:site_name\" content=\"r e \u2022 n a i s s a n c e \u2022 tattooentfernungsstudio in z\u00fcrich\" \/>\n<meta property=\"article:publisher\" content=\"https:\/\/www.facebook.com\/laser.re.naissance\" \/>\n<meta property=\"article:modified_time\" content=\"2026-02-19T21:31:24+00:00\" \/>\n<meta name=\"twitter:card\" content=\"summary_large_image\" \/>\n<meta name=\"twitter:label1\" content=\"Dur\u00e9e de lecture estim\u00e9e\" \/>\n\t<meta name=\"twitter:data1\" content=\"12 minutes\" \/>\n<script type=\"application\/ld+json\" class=\"yoast-schema-graph\">{\"@context\":\"https:\\\/\\\/schema.org\",\"@graph\":[{\"@type\":\"WebPage\",\"@id\":\"https:\\\/\\\/tattoorenaissance.ch\\\/fr\\\/\",\"url\":\"https:\\\/\\\/tattoorenaissance.ch\\\/fr\\\/\",\"name\":\"RE\u2022NAISSANCE Suisse | Centre de laser\",\"isPartOf\":{\"@id\":\"https:\\\/\\\/tattoorenaissance.ch\\\/fr\\\/#website\"},\"datePublished\":\"2017-10-15T20:01:15+00:00\",\"dateModified\":\"2026-02-19T21:31:24+00:00\",\"description\":\"Le studio Renaissance pratique le d\u00e9tatouage (pico laser) ainsi que l'\u00e9pilation (\u00e0 laser diode) \u00e0 Zurich, B\u00e2le et Berne. Vous y trouverez aussi des nouvelles cosmiques et des expositions d'art futuriste.\",\"breadcrumb\":{\"@id\":\"https:\\\/\\\/tattoorenaissance.ch\\\/fr\\\/#breadcrumb\"},\"inLanguage\":\"fr-FR\",\"potentialAction\":[{\"@type\":\"ReadAction\",\"target\":[\"https:\\\/\\\/tattoorenaissance.ch\\\/fr\\\/\"]}]},{\"@type\":\"BreadcrumbList\",\"@id\":\"https:\\\/\\\/tattoorenaissance.ch\\\/fr\\\/#breadcrumb\",\"itemListElement\":[{\"@type\":\"ListItem\",\"position\":1,\"name\":\"Accueil\",\"item\":\"https:\\\/\\\/tattoorenaissance.ch\\\/fr\\\/\"},{\"@type\":\"ListItem\",\"position\":2,\"name\":\"RE\u2022NAISSANCE suisse | Centre de laser\"}]},{\"@type\":\"WebSite\",\"@id\":\"https:\\\/\\\/tattoorenaissance.ch\\\/fr\\\/#website\",\"url\":\"https:\\\/\\\/tattoorenaissance.ch\\\/fr\\\/\",\"name\":\"r e \u2022 n a i s s a n v c e \u2022 tattooentfernungsstudio in z\u00fcrich\",\"description\":\"\",\"publisher\":{\"@id\":\"https:\\\/\\\/tattoorenaissance.ch\\\/fr\\\/#organization\"},\"potentialAction\":[{\"@type\":\"SearchAction\",\"target\":{\"@type\":\"EntryPoint\",\"urlTemplate\":\"https:\\\/\\\/tattoorenaissance.ch\\\/fr\\\/?s={search_term_string}\"},\"query-input\":{\"@type\":\"PropertyValueSpecification\",\"valueRequired\":true,\"valueName\":\"search_term_string\"}}],\"inLanguage\":\"fr-FR\"},{\"@type\":\"Organization\",\"@id\":\"https:\\\/\\\/tattoorenaissance.ch\\\/fr\\\/#organization\",\"name\":\"tattoorenaissance\",\"alternateName\":\"laser.re.naissance\",\"url\":\"https:\\\/\\\/tattoorenaissance.ch\\\/fr\\\/\",\"logo\":{\"@type\":\"ImageObject\",\"inLanguage\":\"fr-FR\",\"@id\":\"https:\\\/\\\/tattoorenaissance.ch\\\/fr\\\/#\\\/schema\\\/logo\\\/image\\\/\",\"url\":\"https:\\\/\\\/tattoorenaissance.ch\\\/wp-content\\\/uploads\\\/2017\\\/10\\\/logo_weaponX2.png\",\"contentUrl\":\"https:\\\/\\\/tattoorenaissance.ch\\\/wp-content\\\/uploads\\\/2017\\\/10\\\/logo_weaponX2.png\",\"width\":170,\"height\":103,\"caption\":\"tattoorenaissance\"},\"image\":{\"@id\":\"https:\\\/\\\/tattoorenaissance.ch\\\/fr\\\/#\\\/schema\\\/logo\\\/image\\\/\"},\"sameAs\":[\"https:\\\/\\\/www.facebook.com\\\/laser.re.naissance\",\"https:\\\/\\\/www.instagram.com\\\/laser.re.naissance\\\/\",\"https:\\\/\\\/www.tiktok.com\\\/@laser.re.naissance\",\"https:\\\/\\\/www.pinterest.ch\\\/anaisrenaissance\\\/\"]}]}<\/script>\n<!-- \/ Yoast SEO plugin. -->","yoast_head_json":{"title":"RE\u2022NAISSANCE Suisse | Centre de laser","description":"Le studio Renaissance pratique le d\u00e9tatouage (pico laser) ainsi que l'\u00e9pilation (\u00e0 laser diode) \u00e0 Zurich, B\u00e2le et Berne. Vous y trouverez aussi des nouvelles cosmiques et des expositions d'art futuriste.","robots":{"index":"index","follow":"follow","max-snippet":"max-snippet:-1","max-image-preview":"max-image-preview:large","max-video-preview":"max-video-preview:-1"},"canonical":"https:\/\/tattoorenaissance.ch\/fr\/","og_locale":"fr_FR","og_type":"article","og_title":"RE\u2022NAISSANCE Suisse | Centre de laser","og_description":"Le studio Renaissance pratique le d\u00e9tatouage (pico laser) ainsi que l'\u00e9pilation (\u00e0 laser diode) \u00e0 Zurich, B\u00e2le et Berne. Vous y trouverez aussi des nouvelles cosmiques et des expositions d'art futuriste.","og_url":"https:\/\/tattoorenaissance.ch\/fr\/","og_site_name":"r e \u2022 n a i s s a n c e \u2022 tattooentfernungsstudio in z\u00fcrich","article_publisher":"https:\/\/www.facebook.com\/laser.re.naissance","article_modified_time":"2026-02-19T21:31:24+00:00","twitter_card":"summary_large_image","twitter_misc":{"Dur\u00e9e de lecture estim\u00e9e":"12 minutes"},"schema":{"@context":"https:\/\/schema.org","@graph":[{"@type":"WebPage","@id":"https:\/\/tattoorenaissance.ch\/fr\/","url":"https:\/\/tattoorenaissance.ch\/fr\/","name":"RE\u2022NAISSANCE Suisse | Centre de laser","isPartOf":{"@id":"https:\/\/tattoorenaissance.ch\/fr\/#website"},"datePublished":"2017-10-15T20:01:15+00:00","dateModified":"2026-02-19T21:31:24+00:00","description":"Le studio Renaissance pratique le d\u00e9tatouage (pico laser) ainsi que l'\u00e9pilation (\u00e0 laser diode) \u00e0 Zurich, B\u00e2le et Berne. Vous y trouverez aussi des nouvelles cosmiques et des expositions d'art futuriste.","breadcrumb":{"@id":"https:\/\/tattoorenaissance.ch\/fr\/#breadcrumb"},"inLanguage":"fr-FR","potentialAction":[{"@type":"ReadAction","target":["https:\/\/tattoorenaissance.ch\/fr\/"]}]},{"@type":"BreadcrumbList","@id":"https:\/\/tattoorenaissance.ch\/fr\/#breadcrumb","itemListElement":[{"@type":"ListItem","position":1,"name":"Accueil","item":"https:\/\/tattoorenaissance.ch\/fr\/"},{"@type":"ListItem","position":2,"name":"RE\u2022NAISSANCE suisse | Centre de laser"}]},{"@type":"WebSite","@id":"https:\/\/tattoorenaissance.ch\/fr\/#website","url":"https:\/\/tattoorenaissance.ch\/fr\/","name":"r e \u2022 n a i s s a n v c e \u2022 tattooentfernungsstudio in z\u00fcrich","description":"","publisher":{"@id":"https:\/\/tattoorenaissance.ch\/fr\/#organization"},"potentialAction":[{"@type":"SearchAction","target":{"@type":"EntryPoint","urlTemplate":"https:\/\/tattoorenaissance.ch\/fr\/?s={search_term_string}"},"query-input":{"@type":"PropertyValueSpecification","valueRequired":true,"valueName":"search_term_string"}}],"inLanguage":"fr-FR"},{"@type":"Organization","@id":"https:\/\/tattoorenaissance.ch\/fr\/#organization","name":"tattoorenaissance","alternateName":"laser.re.naissance","url":"https:\/\/tattoorenaissance.ch\/fr\/","logo":{"@type":"ImageObject","inLanguage":"fr-FR","@id":"https:\/\/tattoorenaissance.ch\/fr\/#\/schema\/logo\/image\/","url":"https:\/\/tattoorenaissance.ch\/wp-content\/uploads\/2017\/10\/logo_weaponX2.png","contentUrl":"https:\/\/tattoorenaissance.ch\/wp-content\/uploads\/2017\/10\/logo_weaponX2.png","width":170,"height":103,"caption":"tattoorenaissance"},"image":{"@id":"https:\/\/tattoorenaissance.ch\/fr\/#\/schema\/logo\/image\/"},"sameAs":["https:\/\/www.facebook.com\/laser.re.naissance","https:\/\/www.instagram.com\/laser.re.naissance\/","https:\/\/www.tiktok.com\/@laser.re.naissance","https:\/\/www.pinterest.ch\/anaisrenaissance\/"]}]}},"_links":{"self":[{"href":"https:\/\/tattoorenaissance.ch\/fr\/wp-json\/wp\/v2\/pages\/210","targetHints":{"allow":["GET"]}}],"collection":[{"href":"https:\/\/tattoorenaissance.ch\/fr\/wp-json\/wp\/v2\/pages"}],"about":[{"href":"https:\/\/tattoorenaissance.ch\/fr\/wp-json\/wp\/v2\/types\/page"}],"author":[{"embeddable":true,"href":"https:\/\/tattoorenaissance.ch\/fr\/wp-json\/wp\/v2\/users\/1"}],"replies":[{"embeddable":true,"href":"https:\/\/tattoorenaissance.ch\/fr\/wp-json\/wp\/v2\/comments?post=210"}],"version-history":[{"count":3,"href":"https:\/\/tattoorenaissance.ch\/fr\/wp-json\/wp\/v2\/pages\/210\/revisions"}],"predecessor-version":[{"id":3680,"href":"https:\/\/tattoorenaissance.ch\/fr\/wp-json\/wp\/v2\/pages\/210\/revisions\/3680"}],"wp:attachment":[{"href":"https:\/\/tattoorenaissance.ch\/fr\/wp-json\/wp\/v2\/media?parent=210"}],"curies":[{"name":"wp","href":"https:\/\/api.w.org\/{rel}","templated":true}]}}